{"id":3839,"date":"2024-09-13T07:13:46","date_gmt":"2024-09-13T07:13:46","guid":{"rendered":"https:\/\/uz-izvor.hr\/?page_id=3839"},"modified":"2025-11-19T09:34:55","modified_gmt":"2025-11-19T09:34:55","slug":"volonterski-programi","status":"publish","type":"page","link":"https:\/\/uz-izvor.hr\/en\/volonterski-programi\/","title":{"rendered":"Volonterski programi"},"content":{"rendered":"<div data-elementor-type=\"wp-page\" data-elementor-id=\"3839\" class=\"elementor elementor-3839\">\n\t\t\t\t<div class=\"elementor-element elementor-element-ee7a760 e-flex e-con-boxed e-con e-parent\" data-id=\"ee7a760\" data-element_type=\"container\">\n\t\t\t\t\t<div class=\"e-con-inner\">\n\t\t<div class=\"elementor-element elementor-element-5aef535 e-con-full e-flex e-con e-child\" data-id=\"5aef535\" data-element_type=\"container\">\n\t\t\t\t<div class=\"elementor-element elementor-element-d6aebcc elementor-invisible elementor-widget elementor-widget-heading\" data-id=\"d6aebcc\" data-element_type=\"widget\" data-settings=\"{&quot;_animation&quot;:&quot;fadeInDown&quot;}\" data-widget_type=\"heading.default\">\n\t\t\t\t<div class=\"elementor-widget-container\">\n\t\t\t\t\t<h2 class=\"elementor-heading-title elementor-size-default\">Volontiraj i stekni nova iskustva<\/h2>\t\t\t\t<\/div>\n\t\t\t\t<\/div>\n\t\t\t\t<div class=\"elementor-element elementor-element-dfd491a elementor-widget__width-initial elementor-invisible elementor-widget elementor-widget-text-editor\" data-id=\"dfd491a\" data-element_type=\"widget\" data-settings=\"{&quot;_animation&quot;:&quot;fadeInDown&quot;,&quot;_animation_delay&quot;:300}\" data-widget_type=\"text-editor.default\">\n\t\t\t\t<div class=\"elementor-widget-container\">\n\t\t\t\t\t\t\t\t\t<p>Pozivamo vas da se pridru\u017eite na\u0161em timu i postanete volonter u Udruzi \u017eena &#8220;Izvor&#8221;.<\/p><p>Va\u0161 doprinos mo\u017ee zna\u010dajno pomo\u0107i u ostvarivanju na\u0161ih ciljeva podr\u0161ke osobama starije \u017eivotne dobi i drugim marginaliziranim osobama u zajednici. Tra\u017eimo osobe spremne dijeliti svoje vrijeme, vje\u0161tine i entuzijazam u na\u0161im volonterskim programima i\/ili akcijama.<\/p><p>Volontiranjem kod nas, mo\u017eete ste\u0107i nova iskustva, upoznati divne ljude i doprinijeti pozitivnim promjenama. Pridru\u017eite nam se i zajedno gradimo bolju budu\u0107nost za sve!\u00a0<\/p>\t\t\t\t\t\t\t\t<\/div>\n\t\t\t\t<\/div>\n\t\t\t\t<div class=\"elementor-element elementor-element-7e3cc65 elementor-invisible elementor-widget elementor-widget-button\" data-id=\"7e3cc65\" data-element_type=\"widget\" data-settings=\"{&quot;_animation&quot;:&quot;fadeInDown&quot;,&quot;_animation_delay&quot;:300}\" data-widget_type=\"button.default\">\n\t\t\t\t<div class=\"elementor-widget-container\">\n\t\t\t\t\t\t\t\t\t<div class=\"elementor-button-wrapper\">\n\t\t\t\t\t<a class=\"elementor-button elementor-button-link elementor-size-sm\" href=\"https:\/\/uz-izvor.hr\/wp-content\/uploads\/2024\/09\/Upitnik-za-volontere.pdf\" target=\"_blank\">\n\t\t\t\t\t\t<span class=\"elementor-button-content-wrapper\">\n\t\t\t\t\t\t\t\t\t<span class=\"elementor-button-text\">Preuzmi prijavnicu<\/span>\n\t\t\t\t\t<\/span>\n\t\t\t\t\t<\/a>\n\t\t\t\t<\/div>\n\t\t\t\t\t\t\t\t<\/div>\n\t\t\t\t<\/div>\n\t\t\t\t<\/div>\n\t\t<div class=\"elementor-element elementor-element-b3e1f36 e-con-full e-flex e-con e-child\" data-id=\"b3e1f36\" data-element_type=\"container\">\n\t\t\t\t<div class=\"elementor-element elementor-element-ad7e186 elementor-widget elementor-widget-image\" data-id=\"ad7e186\" data-element_type=\"widget\" data-widget_type=\"image.default\">\n\t\t\t\t<div class=\"elementor-widget-container\">\n\t\t\t\t\t\t\t\t\t\t\t\t\t\t\t<img fetchpriority=\"high\" decoding=\"async\" width=\"512\" height=\"512\" src=\"https:\/\/uz-izvor.hr\/wp-content\/uploads\/2024\/09\/VolontiranjeIkonica2.png\" class=\"attachment-large size-large wp-image-3861\" alt=\"\" srcset=\"https:\/\/uz-izvor.hr\/wp-content\/uploads\/2024\/09\/VolontiranjeIkonica2.png 512w, https:\/\/uz-izvor.hr\/wp-content\/uploads\/2024\/09\/VolontiranjeIkonica2-300x300.png 300w, https:\/\/uz-izvor.hr\/wp-content\/uploads\/2024\/09\/VolontiranjeIkonica2-150x150.png 150w, https:\/\/uz-izvor.hr\/wp-content\/uploads\/2024\/09\/VolontiranjeIkonica2-12x12.png 12w\" sizes=\"(max-width: 512px) 100vw, 512px\" \/>\t\t\t\t\t\t\t\t\t\t\t\t\t\t\t<\/div>\n\t\t\t\t<\/div>\n\t\t\t\t<\/div>\n\t\t\t\t\t<\/div>\n\t\t\t\t<\/div>\n\t\t<div class=\"elementor-element elementor-element-9e586d0 e-flex e-con-boxed e-con e-parent\" data-id=\"9e586d0\" data-element_type=\"container\" data-settings=\"{&quot;background_background&quot;:&quot;classic&quot;}\">\n\t\t\t\t\t<div class=\"e-con-inner\">\n\t\t<div class=\"elementor-element elementor-element-7a73a21 e-con-full e-flex e-con e-child\" data-id=\"7a73a21\" data-element_type=\"container\">\n\t\t\t\t<div class=\"elementor-element elementor-element-29a07ff elementor-invisible elementor-widget elementor-widget-heading\" data-id=\"29a07ff\" data-element_type=\"widget\" data-settings=\"{&quot;_animation&quot;:&quot;fadeInDown&quot;}\" data-widget_type=\"heading.default\">\n\t\t\t\t<div class=\"elementor-widget-container\">\n\t\t\t\t\t<h2 class=\"elementor-heading-title elementor-size-default\">Povezane novosti<\/h2>\t\t\t\t<\/div>\n\t\t\t\t<\/div>\n\t\t\t\t<div class=\"elementor-element elementor-element-053b0eb no ui-e-apg-classic ui-e-img-anim-zoom elementor-widget elementor-widget-uicore-advanced-post-grid woocommerce elementor-widget-uicore-advanced-post-grid\" data-id=\"053b0eb\" data-element_type=\"widget\" data-settings=\"{&quot;masonry&quot;:&quot;no&quot;}\" data-widget_type=\"uicore-advanced-post-grid.default\">\n\t\t\t\t<div class=\"elementor-widget-container\">\n\t\t\t\t\t            <div class=\"ui-e-adv-grid\">\n                \n                <div class=\"ui-e-post-item ui-e-item ui-e-animations-wrp\">\n                    <article class=\"post-3916 post type-post status-publish format-standard has-post-thumbnail hentry category-vijesti category-volonterski-programi\">\n                        <div class=\"ui-e-post-top\">\n                                    <a class=\"ui-e-post-img-wrapp\"\n            href=\"https:\/\/uz-izvor.hr\/en\/volonterski-program\/\"\n            title=\"View Post:Volonterski program 1\">\n\n                            <div class=\"ui-e-post-img\" style=\"background-image:url(https:\/\/uz-izvor.hr\/wp-content\/uploads\/2024\/09\/StockCake-Social-Media-Analysis_1727097493-650x650.jpg)\"><\/div>\n                    <\/a>\n                                <div class=\"ui-e-post-top-meta\"><div class=\"ui-e-post-meta ui-e-top\"><\/div><\/div>                        <\/div>\n\n                        \n                        <div class=\"ui-e-post-content\">\n\n                                                                <a href=\"https:\/\/uz-izvor.hr\/en\/volonterski-program\/\" title=\"View Post:Volonterski program 1\">\n            <h4 class=\"ui-e-post-title\">\n                <span> Volonterski program 1 <\/span>\n            <\/h4>\n        <\/a>\n                                <div class=\"ui-e-meta-wrapp\"><div class=\"ui-e-post-meta ui-e-after_title\"><div class=\"ui-e-meta-item\"><svg aria-hidden=\"true\" class=\"ui-e-meta-icon e-font-icon-svg e-far-calendar-alt\" viewbox=\"0 0 448 512\" xmlns=\"http:\/\/www.w3.org\/2000\/svg\"><path d=\"M148 288h-40c-6.6 0-12-5.4-12-12v-40c0-6.6 5.4-12 12-12h40c6.6 0 12 5.4 12 12v40c0 6.6-5.4 12-12 12zm108-12v-40c0-6.6-5.4-12-12-12h-40c-6.6 0-12 5.4-12 12v40c0 6.6 5.4 12 12 12h40c6.6 0 12-5.4 12-12zm96 0v-40c0-6.6-5.4-12-12-12h-40c-6.6 0-12 5.4-12 12v40c0 6.6 5.4 12 12 12h40c6.6 0 12-5.4 12-12zm-96 96v-40c0-6.6-5.4-12-12-12h-40c-6.6 0-12 5.4-12 12v40c0 6.6 5.4 12 12 12h40c6.6 0 12-5.4 12-12zm-96 0v-40c0-6.6-5.4-12-12-12h-40c-6.6 0-12 5.4-12 12v40c0 6.6 5.4 12 12 12h40c6.6 0 12-5.4 12-12zm192 0v-40c0-6.6-5.4-12-12-12h-40c-6.6 0-12 5.4-12 12v40c0 6.6 5.4 12 12 12h40c6.6 0 12-5.4 12-12zm96-260v352c0 26.5-21.5 48-48 48H48c-26.5 0-48-21.5-48-48V112c0-26.5 21.5-48 48-48h48V12c0-6.6 5.4-12 12-12h40c6.6 0 12 5.4 12 12v52h128V12c0-6.6 5.4-12 12-12h40c6.6 0 12 5.4 12 12v52h48c26.5 0 48 21.5 48 48zm-48 346V160H48v298c0 3.3 2.7 6 6 6h340c3.3 0 6-2.7 6-6z\"><\/path><\/svg>23.09.2024.<\/div><div class=\"ui-e-meta-item\"><span aria-hidden=\"true\" class=\"ui-e-meta-icon ti ti-timer\"><\/span><span>Vrijeme \u010ditanja:<\/span>1<span class=\"ui-e-meta-after\">min<\/span><\/div><\/div><\/div>                                                        <div class=\"ui-e-post-meta ui-e-bottom\"><\/div>                                                    <\/div>\n                    <\/article>\n                <\/div>\n\n                            <\/div>\n\t\t\t\t<\/div>\n\t\t\t\t<\/div>\n\t\t\t\t<\/div>\n\t\t\t\t\t<\/div>\n\t\t\t\t<\/div>\n\t\t\t\t<\/div>","protected":false},"excerpt":{"rendered":"<p>Volontiraj i stekni nova iskustva Pozivamo vas da se pridru\u017eite na\u0161em timu i postanete volonter [&hellip;]<\/p>\n","protected":false},"author":1,"featured_media":0,"parent":0,"menu_order":0,"comment_status":"closed","ping_status":"closed","template":"elementor_header_footer","meta":{"footnotes":""},"class_list":["post-3839","page","type-page","status-publish","hentry"],"yoast_head":"<!-- This site is optimized with the Yoast SEO plugin v27.3 - https:\/\/yoast.com\/product\/yoast-seo-wordpress\/ -->\n<title>Volonterski programi - Udruga \u017eena &quot;Izvor&quot;<\/title>\n<meta name=\"robots\" content=\"index, follow, max-snippet:-1, max-image-preview:large, max-video-preview:-1\" \/>\n<link rel=\"canonical\" href=\"https:\/\/uz-izvor.hr\/en\/volonterski-programi\/\" \/>\n<meta property=\"og:locale\" content=\"en_US\" \/>\n<meta property=\"og:type\" content=\"article\" \/>\n<meta property=\"og:title\" content=\"Volonterski programi - Udruga \u017eena &quot;Izvor&quot;\" \/>\n<meta property=\"og:description\" content=\"Volontiraj i stekni nova iskustva Pozivamo vas da se pridru\u017eite na\u0161em timu i postanete volonter [&hellip;]\" \/>\n<meta property=\"og:url\" content=\"https:\/\/uz-izvor.hr\/en\/volonterski-programi\/\" \/>\n<meta property=\"og:site_name\" content=\"Udruga \u017eena &quot;Izvor&quot;\" \/>\n<meta property=\"article:publisher\" content=\"https:\/\/www.facebook.com\/profile.php?id=100090681250286\" \/>\n<meta property=\"article:modified_time\" content=\"2025-11-19T09:34:55+00:00\" \/>\n<meta property=\"og:image\" content=\"https:\/\/uz-izvor.hr\/wp-content\/uploads\/2024\/09\/VolontiranjeIkonica2.png\" \/>\n\t<meta property=\"og:image:width\" content=\"512\" \/>\n\t<meta property=\"og:image:height\" content=\"512\" \/>\n\t<meta property=\"og:image:type\" content=\"image\/png\" \/>\n<meta name=\"twitter:card\" content=\"summary_large_image\" \/>\n<meta name=\"twitter:label1\" content=\"Est. reading time\" \/>\n\t<meta name=\"twitter:data1\" content=\"1 minute\" \/>\n<script type=\"application\/ld+json\" class=\"yoast-schema-graph\">{\"@context\":\"https:\\\/\\\/schema.org\",\"@graph\":[{\"@type\":\"WebPage\",\"@id\":\"https:\\\/\\\/uz-izvor.hr\\\/volonterski-programi\\\/\",\"url\":\"https:\\\/\\\/uz-izvor.hr\\\/volonterski-programi\\\/\",\"name\":\"Volonterski programi - Udruga \u017eena &quot;Izvor&quot;\",\"isPartOf\":{\"@id\":\"https:\\\/\\\/uz-izvor.hr\\\/#website\"},\"primaryImageOfPage\":{\"@id\":\"https:\\\/\\\/uz-izvor.hr\\\/volonterski-programi\\\/#primaryimage\"},\"image\":{\"@id\":\"https:\\\/\\\/uz-izvor.hr\\\/volonterski-programi\\\/#primaryimage\"},\"thumbnailUrl\":\"https:\\\/\\\/uz-izvor.hr\\\/wp-content\\\/uploads\\\/2024\\\/09\\\/VolontiranjeIkonica2.png\",\"datePublished\":\"2024-09-13T07:13:46+00:00\",\"dateModified\":\"2025-11-19T09:34:55+00:00\",\"breadcrumb\":{\"@id\":\"https:\\\/\\\/uz-izvor.hr\\\/volonterski-programi\\\/#breadcrumb\"},\"inLanguage\":\"en-US\",\"potentialAction\":[{\"@type\":\"ReadAction\",\"target\":[\"https:\\\/\\\/uz-izvor.hr\\\/volonterski-programi\\\/\"]}]},{\"@type\":\"ImageObject\",\"inLanguage\":\"en-US\",\"@id\":\"https:\\\/\\\/uz-izvor.hr\\\/volonterski-programi\\\/#primaryimage\",\"url\":\"https:\\\/\\\/uz-izvor.hr\\\/wp-content\\\/uploads\\\/2024\\\/09\\\/VolontiranjeIkonica2.png\",\"contentUrl\":\"https:\\\/\\\/uz-izvor.hr\\\/wp-content\\\/uploads\\\/2024\\\/09\\\/VolontiranjeIkonica2.png\"},{\"@type\":\"BreadcrumbList\",\"@id\":\"https:\\\/\\\/uz-izvor.hr\\\/volonterski-programi\\\/#breadcrumb\",\"itemListElement\":[{\"@type\":\"ListItem\",\"position\":1,\"name\":\"Po\u010detna stranica\",\"item\":\"https:\\\/\\\/uz-izvor.hr\\\/\"},{\"@type\":\"ListItem\",\"position\":2,\"name\":\"Volonterski programi\"}]},{\"@type\":\"WebSite\",\"@id\":\"https:\\\/\\\/uz-izvor.hr\\\/#website\",\"url\":\"https:\\\/\\\/uz-izvor.hr\\\/\",\"name\":\"Udruga \u017eena \\\"Izvor\\\"\",\"description\":\"Web stranica udruge \u017eena &quot;Izvor&quot;\",\"publisher\":{\"@id\":\"https:\\\/\\\/uz-izvor.hr\\\/#organization\"},\"potentialAction\":[{\"@type\":\"SearchAction\",\"target\":{\"@type\":\"EntryPoint\",\"urlTemplate\":\"https:\\\/\\\/uz-izvor.hr\\\/?s={search_term_string}\"},\"query-input\":{\"@type\":\"PropertyValueSpecification\",\"valueRequired\":true,\"valueName\":\"search_term_string\"}}],\"inLanguage\":\"en-US\"},{\"@type\":\"Organization\",\"@id\":\"https:\\\/\\\/uz-izvor.hr\\\/#organization\",\"name\":\"Udruga \u017eena \\\"Izvor\\\"\",\"url\":\"https:\\\/\\\/uz-izvor.hr\\\/\",\"logo\":{\"@type\":\"ImageObject\",\"inLanguage\":\"en-US\",\"@id\":\"https:\\\/\\\/uz-izvor.hr\\\/#\\\/schema\\\/logo\\\/image\\\/\",\"url\":\"https:\\\/\\\/uz-izvor.hr\\\/wp-content\\\/uploads\\\/2024\\\/03\\\/Izvor-logo-header-2.png\",\"contentUrl\":\"https:\\\/\\\/uz-izvor.hr\\\/wp-content\\\/uploads\\\/2024\\\/03\\\/Izvor-logo-header-2.png\",\"width\":356,\"height\":78,\"caption\":\"Udruga \u017eena \\\"Izvor\\\"\"},\"image\":{\"@id\":\"https:\\\/\\\/uz-izvor.hr\\\/#\\\/schema\\\/logo\\\/image\\\/\"},\"sameAs\":[\"https:\\\/\\\/www.facebook.com\\\/profile.php?id=100090681250286\"]}]}<\/script>\n<!-- \/ Yoast SEO plugin. -->","yoast_head_json":{"title":"Volonterski programi - Udruga \u017eena &quot;Izvor&quot;","robots":{"index":"index","follow":"follow","max-snippet":"max-snippet:-1","max-image-preview":"max-image-preview:large","max-video-preview":"max-video-preview:-1"},"canonical":"https:\/\/uz-izvor.hr\/en\/volonterski-programi\/","og_locale":"en_US","og_type":"article","og_title":"Volonterski programi - Udruga \u017eena &quot;Izvor&quot;","og_description":"Volontiraj i stekni nova iskustva Pozivamo vas da se pridru\u017eite na\u0161em timu i postanete volonter [&hellip;]","og_url":"https:\/\/uz-izvor.hr\/en\/volonterski-programi\/","og_site_name":"Udruga \u017eena &quot;Izvor&quot;","article_publisher":"https:\/\/www.facebook.com\/profile.php?id=100090681250286","article_modified_time":"2025-11-19T09:34:55+00:00","og_image":[{"width":512,"height":512,"url":"https:\/\/uz-izvor.hr\/wp-content\/uploads\/2024\/09\/VolontiranjeIkonica2.png","type":"image\/png"}],"twitter_card":"summary_large_image","twitter_misc":{"Est. reading time":"1 minute"},"schema":{"@context":"https:\/\/schema.org","@graph":[{"@type":"WebPage","@id":"https:\/\/uz-izvor.hr\/volonterski-programi\/","url":"https:\/\/uz-izvor.hr\/volonterski-programi\/","name":"Volonterski programi - Udruga \u017eena &quot;Izvor&quot;","isPartOf":{"@id":"https:\/\/uz-izvor.hr\/#website"},"primaryImageOfPage":{"@id":"https:\/\/uz-izvor.hr\/volonterski-programi\/#primaryimage"},"image":{"@id":"https:\/\/uz-izvor.hr\/volonterski-programi\/#primaryimage"},"thumbnailUrl":"https:\/\/uz-izvor.hr\/wp-content\/uploads\/2024\/09\/VolontiranjeIkonica2.png","datePublished":"2024-09-13T07:13:46+00:00","dateModified":"2025-11-19T09:34:55+00:00","breadcrumb":{"@id":"https:\/\/uz-izvor.hr\/volonterski-programi\/#breadcrumb"},"inLanguage":"en-US","potentialAction":[{"@type":"ReadAction","target":["https:\/\/uz-izvor.hr\/volonterski-programi\/"]}]},{"@type":"ImageObject","inLanguage":"en-US","@id":"https:\/\/uz-izvor.hr\/volonterski-programi\/#primaryimage","url":"https:\/\/uz-izvor.hr\/wp-content\/uploads\/2024\/09\/VolontiranjeIkonica2.png","contentUrl":"https:\/\/uz-izvor.hr\/wp-content\/uploads\/2024\/09\/VolontiranjeIkonica2.png"},{"@type":"BreadcrumbList","@id":"https:\/\/uz-izvor.hr\/volonterski-programi\/#breadcrumb","itemListElement":[{"@type":"ListItem","position":1,"name":"Po\u010detna stranica","item":"https:\/\/uz-izvor.hr\/"},{"@type":"ListItem","position":2,"name":"Volonterski programi"}]},{"@type":"WebSite","@id":"https:\/\/uz-izvor.hr\/#website","url":"https:\/\/uz-izvor.hr\/","name":"Udruga \u017eena \"Izvor\"","description":"Web stranica udruge \u017eena &quot;Izvor&quot;","publisher":{"@id":"https:\/\/uz-izvor.hr\/#organization"},"potentialAction":[{"@type":"SearchAction","target":{"@type":"EntryPoint","urlTemplate":"https:\/\/uz-izvor.hr\/?s={search_term_string}"},"query-input":{"@type":"PropertyValueSpecification","valueRequired":true,"valueName":"search_term_string"}}],"inLanguage":"en-US"},{"@type":"Organization","@id":"https:\/\/uz-izvor.hr\/#organization","name":"Udruga \u017eena \"Izvor\"","url":"https:\/\/uz-izvor.hr\/","logo":{"@type":"ImageObject","inLanguage":"en-US","@id":"https:\/\/uz-izvor.hr\/#\/schema\/logo\/image\/","url":"https:\/\/uz-izvor.hr\/wp-content\/uploads\/2024\/03\/Izvor-logo-header-2.png","contentUrl":"https:\/\/uz-izvor.hr\/wp-content\/uploads\/2024\/03\/Izvor-logo-header-2.png","width":356,"height":78,"caption":"Udruga \u017eena \"Izvor\""},"image":{"@id":"https:\/\/uz-izvor.hr\/#\/schema\/logo\/image\/"},"sameAs":["https:\/\/www.facebook.com\/profile.php?id=100090681250286"]}]}},"_links":{"self":[{"href":"https:\/\/uz-izvor.hr\/en\/wp-json\/wp\/v2\/pages\/3839","targetHints":{"allow":["GET"]}}],"collection":[{"href":"https:\/\/uz-izvor.hr\/en\/wp-json\/wp\/v2\/pages"}],"about":[{"href":"https:\/\/uz-izvor.hr\/en\/wp-json\/wp\/v2\/types\/page"}],"author":[{"embeddable":true,"href":"https:\/\/uz-izvor.hr\/en\/wp-json\/wp\/v2\/users\/1"}],"replies":[{"embeddable":true,"href":"https:\/\/uz-izvor.hr\/en\/wp-json\/wp\/v2\/comments?post=3839"}],"version-history":[{"count":20,"href":"https:\/\/uz-izvor.hr\/en\/wp-json\/wp\/v2\/pages\/3839\/revisions"}],"predecessor-version":[{"id":4307,"href":"https:\/\/uz-izvor.hr\/en\/wp-json\/wp\/v2\/pages\/3839\/revisions\/4307"}],"wp:attachment":[{"href":"https:\/\/uz-izvor.hr\/en\/wp-json\/wp\/v2\/media?parent=3839"}],"curies":[{"name":"wp","href":"https:\/\/api.w.org\/{rel}","templated":true}]}}