{"id":3390,"date":"2024-03-28T09:17:56","date_gmt":"2024-03-28T09:17:56","guid":{"rendered":"https:\/\/uz-izvor.hr\/?page_id=3390"},"modified":"2024-08-06T11:03:15","modified_gmt":"2024-08-06T11:03:15","slug":"donacija","status":"publish","type":"page","link":"https:\/\/uz-izvor.hr\/en\/donacija\/","title":{"rendered":"Podr\u017eite rad udruge"},"content":{"rendered":"<div data-elementor-type=\"wp-page\" data-elementor-id=\"3390\" class=\"elementor elementor-3390\">\n\t\t\t\t<div class=\"elementor-element elementor-element-8501378 e-flex e-con-boxed e-con e-parent\" data-id=\"8501378\" data-element_type=\"container\">\n\t\t\t\t\t<div class=\"e-con-inner\">\n\t\t<div class=\"elementor-element elementor-element-1c8351f e-con-full e-flex e-con e-child\" data-id=\"1c8351f\" data-element_type=\"container\">\n\t\t\t\t<div class=\"elementor-element elementor-element-d12df89 elementor-widget__width-initial elementor-widget-tablet__width-initial elementor-invisible elementor-widget elementor-widget-heading\" data-id=\"d12df89\" data-element_type=\"widget\" data-settings=\"{&quot;_animation&quot;:&quot;fadeInDown&quot;}\" data-widget_type=\"heading.default\">\n\t\t\t\t<div class=\"elementor-widget-container\">\n\t\t\t\t\t<h2 class=\"elementor-heading-title elementor-size-default\">Online donacija<\/h2>\t\t\t\t<\/div>\n\t\t\t\t<\/div>\n\t\t\t\t<div class=\"elementor-element elementor-element-be0ce4e elementor-widget elementor-widget-text-editor\" data-id=\"be0ce4e\" data-element_type=\"widget\" data-widget_type=\"text-editor.default\">\n\t\t\t\t<div class=\"elementor-widget-container\">\n\t\t\t\t\t\t\t\t\t<p>Dragi prijatelji Udruge \u017eena &#8220;Izvor&#8221; pozivamo vas da online donacijom podr\u017eite rad udruge.<\/p><p>Na\u0161a udruga predano radi na unapre\u0111enju kvalitete \u017eivota u na\u0161oj zajednici kroz razli\u010dite projekte i inicijative.\u00a0<\/p><p><strong>Svaki euro je va\u017ean!<\/strong>\u00a0Bez obzira na iznos, va\u0161a donacija doprinosi na\u0161em radu i poma\u017ee nam da ostvarimo na\u0161e ciljeve.<\/p>\t\t\t\t\t\t\t\t<\/div>\n\t\t\t\t<\/div>\n\t\t\t\t<div class=\"elementor-element elementor-element-854af1e elementor-widget elementor-widget-text-editor\" data-id=\"854af1e\" data-element_type=\"widget\" data-widget_type=\"text-editor.default\">\n\t\t\t\t<div class=\"elementor-widget-container\">\n\t\t\t\t\t\t\t\t\t<p>Za pla\u0107anje mobilnim bankarstvom, pokrenite svoju<em>\u00a0<\/em>aplikaciju internet bankarstva, otvorite opciju pla\u0107anja skeniranjem (skeniranje naloga), a zatim skenirajte ovaj bar k\u00f4d. Aplikacija \u0107e o\u010ditati podatke i pripremiti nalog za donaciju, a vi upi\u0161ite iznos koji \u017eelite donirati.<\/p>\t\t\t\t\t\t\t\t<\/div>\n\t\t\t\t<\/div>\n\t\t\t\t<div class=\"elementor-element elementor-element-eadd162 elementor-invisible elementor-widget elementor-widget-image\" data-id=\"eadd162\" data-element_type=\"widget\" data-settings=\"{&quot;_animation&quot;:&quot;fadeInUp&quot;,&quot;_animation_delay&quot;:300}\" data-widget_type=\"image.default\">\n\t\t\t\t<div class=\"elementor-widget-container\">\n\t\t\t\t\t\t\t\t\t\t\t\t\t\t\t<img fetchpriority=\"high\" decoding=\"async\" width=\"562\" height=\"306\" src=\"https:\/\/uz-izvor.hr\/wp-content\/uploads\/2024\/03\/Qr-kod-za-uplatu.png\" class=\"attachment-full size-full wp-image-3393\" alt=\"\" srcset=\"https:\/\/uz-izvor.hr\/wp-content\/uploads\/2024\/03\/Qr-kod-za-uplatu.png 562w, https:\/\/uz-izvor.hr\/wp-content\/uploads\/2024\/03\/Qr-kod-za-uplatu-300x163.png 300w, https:\/\/uz-izvor.hr\/wp-content\/uploads\/2024\/03\/Qr-kod-za-uplatu-18x10.png 18w\" sizes=\"(max-width: 562px) 100vw, 562px\" \/>\t\t\t\t\t\t\t\t\t\t\t\t\t\t\t<\/div>\n\t\t\t\t<\/div>\n\t\t\t\t<\/div>\n\t\t<div class=\"elementor-element elementor-element-075b568 e-con-full e-flex e-con e-child\" data-id=\"075b568\" data-element_type=\"container\">\n\t\t\t\t<div class=\"elementor-element elementor-element-db328f7 elementor-invisible elementor-widget elementor-widget-image\" data-id=\"db328f7\" data-element_type=\"widget\" data-settings=\"{&quot;_animation&quot;:&quot;fadeInUp&quot;,&quot;_animation_delay&quot;:300}\" data-widget_type=\"image.default\">\n\t\t\t\t<div class=\"elementor-widget-container\">\n\t\t\t\t\t\t\t\t\t\t\t\t\t\t\t<img decoding=\"async\" width=\"889\" height=\"1333\" src=\"https:\/\/uz-izvor.hr\/wp-content\/uploads\/2024\/03\/donacije-ruke.jpg\" class=\"attachment-full size-full wp-image-3416\" alt=\"\" srcset=\"https:\/\/uz-izvor.hr\/wp-content\/uploads\/2024\/03\/donacije-ruke.jpg 889w, https:\/\/uz-izvor.hr\/wp-content\/uploads\/2024\/03\/donacije-ruke-200x300.jpg 200w, https:\/\/uz-izvor.hr\/wp-content\/uploads\/2024\/03\/donacije-ruke-683x1024.jpg 683w, https:\/\/uz-izvor.hr\/wp-content\/uploads\/2024\/03\/donacije-ruke-768x1152.jpg 768w, https:\/\/uz-izvor.hr\/wp-content\/uploads\/2024\/03\/donacije-ruke-8x12.jpg 8w, https:\/\/uz-izvor.hr\/wp-content\/uploads\/2024\/03\/donacije-ruke-433x650.jpg 433w\" sizes=\"(max-width: 889px) 100vw, 889px\" \/>\t\t\t\t\t\t\t\t\t\t\t\t\t\t\t<\/div>\n\t\t\t\t<\/div>\n\t\t\t\t<div class=\"elementor-element elementor-element-e932c06 elementor-widget elementor-widget-spacer\" data-id=\"e932c06\" data-element_type=\"widget\" data-widget_type=\"spacer.default\">\n\t\t\t\t<div class=\"elementor-widget-container\">\n\t\t\t\t\t\t\t<div class=\"elementor-spacer\">\n\t\t\t<div class=\"elementor-spacer-inner\"><\/div>\n\t\t<\/div>\n\t\t\t\t\t\t<\/div>\n\t\t\t\t<\/div>\n\t\t\t\t<\/div>\n\t\t\t\t\t<\/div>\n\t\t\t\t<\/div>\n\t\t<div class=\"elementor-element elementor-element-4933d12 e-flex e-con-boxed e-con e-parent\" data-id=\"4933d12\" data-element_type=\"container\" data-settings=\"{&quot;background_background&quot;:&quot;classic&quot;}\">\n\t\t\t\t\t<div class=\"e-con-inner\">\n\t\t<div class=\"elementor-element elementor-element-8752231 e-con-full e-flex e-con e-child\" data-id=\"8752231\" data-element_type=\"container\">\n\t\t\t\t<div class=\"elementor-element elementor-element-e52ea85 elementor-widget-tablet__width-initial elementor-invisible elementor-widget elementor-widget-heading\" data-id=\"e52ea85\" data-element_type=\"widget\" data-settings=\"{&quot;_animation&quot;:&quot;fadeInDown&quot;}\" data-widget_type=\"heading.default\">\n\t\t\t\t<div class=\"elementor-widget-container\">\n\t\t\t\t\t<h2 class=\"elementor-heading-title elementor-size-default\">Izjava o za\u0161titi i prikupljanju osobnih podataka<\/h2>\t\t\t\t<\/div>\n\t\t\t\t<\/div>\n\t\t\t\t<div class=\"elementor-element elementor-element-26bfda8 elementor-widget elementor-widget-text-editor\" data-id=\"26bfda8\" data-element_type=\"widget\" data-widget_type=\"text-editor.default\">\n\t\t\t\t<div class=\"elementor-widget-container\">\n\t\t\t\t\t\t\t\t\t<p>Obavezujemo se pru\u017eati za\u0161titu osobnim podacima donatora, na na\u010din da prikupljamo samo nu\u017ene, osnovne podatke o donatorima\/korisnicima koji su nu\u017eni za ispunjenje na\u0161ih obveza; informiramo donatore o na\u010dinu kori\u0161tenja prikupljenih podataka, korisnicima dajemo mogu\u0107nost izbora o upotrebi njihovih podataka, uklju\u010duju\u0107i mogu\u0107nost odluke \u017eele li ili ne da se njihovo ime ukloni s lista koje se koriste za marketin\u0161ke kampanje.<\/p><p>Svi se podaci o korisnicima strogo \u010duvaju i dostupni su samo djelatnicima kojima su ti podaci nu\u017eni za obavljanje posla. Svi na\u0161i djelatnici i poslovni partneri odgovorni su za po\u0161tivanje na\u010dela za\u0161tite privatnosti.<\/p>\t\t\t\t\t\t\t\t<\/div>\n\t\t\t\t<\/div>\n\t\t\t\t<\/div>\n\t\t\t\t\t<\/div>\n\t\t\t\t<\/div>\n\t\t\t\t<\/div>","protected":false},"excerpt":{"rendered":"<p>Online donacija Dragi prijatelji Udruge \u017eena &#8220;Izvor&#8221; pozivamo vas da online donacijom podr\u017eite rad udruge. [&hellip;]<\/p>\n","protected":false},"author":1,"featured_media":0,"parent":0,"menu_order":0,"comment_status":"closed","ping_status":"closed","template":"","meta":{"footnotes":""},"class_list":["post-3390","page","type-page","status-publish","hentry"],"yoast_head":"<!-- This site is optimized with the Yoast SEO plugin v27.3 - https:\/\/yoast.com\/product\/yoast-seo-wordpress\/ -->\n<title>Podr\u017eite rad udruge - Udruga \u017eena &quot;Izvor&quot;<\/title>\n<meta name=\"robots\" content=\"index, follow, max-snippet:-1, max-image-preview:large, max-video-preview:-1\" \/>\n<link rel=\"canonical\" href=\"https:\/\/uz-izvor.hr\/en\/donacija\/\" \/>\n<meta property=\"og:locale\" content=\"en_US\" \/>\n<meta property=\"og:type\" content=\"article\" \/>\n<meta property=\"og:title\" content=\"Podr\u017eite rad udruge - Udruga \u017eena &quot;Izvor&quot;\" \/>\n<meta property=\"og:description\" content=\"Online donacija Dragi prijatelji Udruge \u017eena &#8220;Izvor&#8221; pozivamo vas da online donacijom podr\u017eite rad udruge. [&hellip;]\" \/>\n<meta property=\"og:url\" content=\"https:\/\/uz-izvor.hr\/en\/donacija\/\" \/>\n<meta property=\"og:site_name\" content=\"Udruga \u017eena &quot;Izvor&quot;\" \/>\n<meta property=\"article:publisher\" content=\"https:\/\/www.facebook.com\/profile.php?id=100090681250286\" \/>\n<meta property=\"article:modified_time\" content=\"2024-08-06T11:03:15+00:00\" \/>\n<meta property=\"og:image\" content=\"https:\/\/uz-izvor.hr\/wp-content\/uploads\/2024\/03\/Qr-kod-za-uplatu.png\" \/>\n<meta name=\"twitter:card\" content=\"summary_large_image\" \/>\n<meta name=\"twitter:label1\" content=\"Est. reading time\" \/>\n\t<meta name=\"twitter:data1\" content=\"1 minute\" \/>\n<script type=\"application\/ld+json\" class=\"yoast-schema-graph\">{\"@context\":\"https:\\\/\\\/schema.org\",\"@graph\":[{\"@type\":\"WebPage\",\"@id\":\"https:\\\/\\\/uz-izvor.hr\\\/donacija\\\/\",\"url\":\"https:\\\/\\\/uz-izvor.hr\\\/donacija\\\/\",\"name\":\"Podr\u017eite rad udruge - Udruga \u017eena &quot;Izvor&quot;\",\"isPartOf\":{\"@id\":\"https:\\\/\\\/uz-izvor.hr\\\/#website\"},\"primaryImageOfPage\":{\"@id\":\"https:\\\/\\\/uz-izvor.hr\\\/donacija\\\/#primaryimage\"},\"image\":{\"@id\":\"https:\\\/\\\/uz-izvor.hr\\\/donacija\\\/#primaryimage\"},\"thumbnailUrl\":\"https:\\\/\\\/uz-izvor.hr\\\/wp-content\\\/uploads\\\/2024\\\/03\\\/Qr-kod-za-uplatu.png\",\"datePublished\":\"2024-03-28T09:17:56+00:00\",\"dateModified\":\"2024-08-06T11:03:15+00:00\",\"breadcrumb\":{\"@id\":\"https:\\\/\\\/uz-izvor.hr\\\/donacija\\\/#breadcrumb\"},\"inLanguage\":\"en-US\",\"potentialAction\":[{\"@type\":\"ReadAction\",\"target\":[\"https:\\\/\\\/uz-izvor.hr\\\/donacija\\\/\"]}]},{\"@type\":\"ImageObject\",\"inLanguage\":\"en-US\",\"@id\":\"https:\\\/\\\/uz-izvor.hr\\\/donacija\\\/#primaryimage\",\"url\":\"https:\\\/\\\/uz-izvor.hr\\\/wp-content\\\/uploads\\\/2024\\\/03\\\/Qr-kod-za-uplatu.png\",\"contentUrl\":\"https:\\\/\\\/uz-izvor.hr\\\/wp-content\\\/uploads\\\/2024\\\/03\\\/Qr-kod-za-uplatu.png\"},{\"@type\":\"BreadcrumbList\",\"@id\":\"https:\\\/\\\/uz-izvor.hr\\\/donacija\\\/#breadcrumb\",\"itemListElement\":[{\"@type\":\"ListItem\",\"position\":1,\"name\":\"Po\u010detna stranica\",\"item\":\"https:\\\/\\\/uz-izvor.hr\\\/\"},{\"@type\":\"ListItem\",\"position\":2,\"name\":\"Podr\u017eite rad udruge\"}]},{\"@type\":\"WebSite\",\"@id\":\"https:\\\/\\\/uz-izvor.hr\\\/#website\",\"url\":\"https:\\\/\\\/uz-izvor.hr\\\/\",\"name\":\"Udruga \u017eena \\\"Izvor\\\"\",\"description\":\"Web stranica udruge \u017eena &quot;Izvor&quot;\",\"publisher\":{\"@id\":\"https:\\\/\\\/uz-izvor.hr\\\/#organization\"},\"potentialAction\":[{\"@type\":\"SearchAction\",\"target\":{\"@type\":\"EntryPoint\",\"urlTemplate\":\"https:\\\/\\\/uz-izvor.hr\\\/?s={search_term_string}\"},\"query-input\":{\"@type\":\"PropertyValueSpecification\",\"valueRequired\":true,\"valueName\":\"search_term_string\"}}],\"inLanguage\":\"en-US\"},{\"@type\":\"Organization\",\"@id\":\"https:\\\/\\\/uz-izvor.hr\\\/#organization\",\"name\":\"Udruga \u017eena \\\"Izvor\\\"\",\"url\":\"https:\\\/\\\/uz-izvor.hr\\\/\",\"logo\":{\"@type\":\"ImageObject\",\"inLanguage\":\"en-US\",\"@id\":\"https:\\\/\\\/uz-izvor.hr\\\/#\\\/schema\\\/logo\\\/image\\\/\",\"url\":\"https:\\\/\\\/uz-izvor.hr\\\/wp-content\\\/uploads\\\/2024\\\/03\\\/Izvor-logo-header-2.png\",\"contentUrl\":\"https:\\\/\\\/uz-izvor.hr\\\/wp-content\\\/uploads\\\/2024\\\/03\\\/Izvor-logo-header-2.png\",\"width\":356,\"height\":78,\"caption\":\"Udruga \u017eena \\\"Izvor\\\"\"},\"image\":{\"@id\":\"https:\\\/\\\/uz-izvor.hr\\\/#\\\/schema\\\/logo\\\/image\\\/\"},\"sameAs\":[\"https:\\\/\\\/www.facebook.com\\\/profile.php?id=100090681250286\"]}]}<\/script>\n<!-- \/ Yoast SEO plugin. -->","yoast_head_json":{"title":"Podr\u017eite rad udruge - Udruga \u017eena &quot;Izvor&quot;","robots":{"index":"index","follow":"follow","max-snippet":"max-snippet:-1","max-image-preview":"max-image-preview:large","max-video-preview":"max-video-preview:-1"},"canonical":"https:\/\/uz-izvor.hr\/en\/donacija\/","og_locale":"en_US","og_type":"article","og_title":"Podr\u017eite rad udruge - Udruga \u017eena &quot;Izvor&quot;","og_description":"Online donacija Dragi prijatelji Udruge \u017eena &#8220;Izvor&#8221; pozivamo vas da online donacijom podr\u017eite rad udruge. [&hellip;]","og_url":"https:\/\/uz-izvor.hr\/en\/donacija\/","og_site_name":"Udruga \u017eena &quot;Izvor&quot;","article_publisher":"https:\/\/www.facebook.com\/profile.php?id=100090681250286","article_modified_time":"2024-08-06T11:03:15+00:00","og_image":[{"url":"https:\/\/uz-izvor.hr\/wp-content\/uploads\/2024\/03\/Qr-kod-za-uplatu.png","type":"","width":"","height":""}],"twitter_card":"summary_large_image","twitter_misc":{"Est. reading time":"1 minute"},"schema":{"@context":"https:\/\/schema.org","@graph":[{"@type":"WebPage","@id":"https:\/\/uz-izvor.hr\/donacija\/","url":"https:\/\/uz-izvor.hr\/donacija\/","name":"Podr\u017eite rad udruge - Udruga \u017eena &quot;Izvor&quot;","isPartOf":{"@id":"https:\/\/uz-izvor.hr\/#website"},"primaryImageOfPage":{"@id":"https:\/\/uz-izvor.hr\/donacija\/#primaryimage"},"image":{"@id":"https:\/\/uz-izvor.hr\/donacija\/#primaryimage"},"thumbnailUrl":"https:\/\/uz-izvor.hr\/wp-content\/uploads\/2024\/03\/Qr-kod-za-uplatu.png","datePublished":"2024-03-28T09:17:56+00:00","dateModified":"2024-08-06T11:03:15+00:00","breadcrumb":{"@id":"https:\/\/uz-izvor.hr\/donacija\/#breadcrumb"},"inLanguage":"en-US","potentialAction":[{"@type":"ReadAction","target":["https:\/\/uz-izvor.hr\/donacija\/"]}]},{"@type":"ImageObject","inLanguage":"en-US","@id":"https:\/\/uz-izvor.hr\/donacija\/#primaryimage","url":"https:\/\/uz-izvor.hr\/wp-content\/uploads\/2024\/03\/Qr-kod-za-uplatu.png","contentUrl":"https:\/\/uz-izvor.hr\/wp-content\/uploads\/2024\/03\/Qr-kod-za-uplatu.png"},{"@type":"BreadcrumbList","@id":"https:\/\/uz-izvor.hr\/donacija\/#breadcrumb","itemListElement":[{"@type":"ListItem","position":1,"name":"Po\u010detna stranica","item":"https:\/\/uz-izvor.hr\/"},{"@type":"ListItem","position":2,"name":"Podr\u017eite rad udruge"}]},{"@type":"WebSite","@id":"https:\/\/uz-izvor.hr\/#website","url":"https:\/\/uz-izvor.hr\/","name":"Udruga \u017eena \"Izvor\"","description":"Web stranica udruge \u017eena &quot;Izvor&quot;","publisher":{"@id":"https:\/\/uz-izvor.hr\/#organization"},"potentialAction":[{"@type":"SearchAction","target":{"@type":"EntryPoint","urlTemplate":"https:\/\/uz-izvor.hr\/?s={search_term_string}"},"query-input":{"@type":"PropertyValueSpecification","valueRequired":true,"valueName":"search_term_string"}}],"inLanguage":"en-US"},{"@type":"Organization","@id":"https:\/\/uz-izvor.hr\/#organization","name":"Udruga \u017eena \"Izvor\"","url":"https:\/\/uz-izvor.hr\/","logo":{"@type":"ImageObject","inLanguage":"en-US","@id":"https:\/\/uz-izvor.hr\/#\/schema\/logo\/image\/","url":"https:\/\/uz-izvor.hr\/wp-content\/uploads\/2024\/03\/Izvor-logo-header-2.png","contentUrl":"https:\/\/uz-izvor.hr\/wp-content\/uploads\/2024\/03\/Izvor-logo-header-2.png","width":356,"height":78,"caption":"Udruga \u017eena \"Izvor\""},"image":{"@id":"https:\/\/uz-izvor.hr\/#\/schema\/logo\/image\/"},"sameAs":["https:\/\/www.facebook.com\/profile.php?id=100090681250286"]}]}},"_links":{"self":[{"href":"https:\/\/uz-izvor.hr\/en\/wp-json\/wp\/v2\/pages\/3390","targetHints":{"allow":["GET"]}}],"collection":[{"href":"https:\/\/uz-izvor.hr\/en\/wp-json\/wp\/v2\/pages"}],"about":[{"href":"https:\/\/uz-izvor.hr\/en\/wp-json\/wp\/v2\/types\/page"}],"author":[{"embeddable":true,"href":"https:\/\/uz-izvor.hr\/en\/wp-json\/wp\/v2\/users\/1"}],"replies":[{"embeddable":true,"href":"https:\/\/uz-izvor.hr\/en\/wp-json\/wp\/v2\/comments?post=3390"}],"version-history":[{"count":20,"href":"https:\/\/uz-izvor.hr\/en\/wp-json\/wp\/v2\/pages\/3390\/revisions"}],"predecessor-version":[{"id":3832,"href":"https:\/\/uz-izvor.hr\/en\/wp-json\/wp\/v2\/pages\/3390\/revisions\/3832"}],"wp:attachment":[{"href":"https:\/\/uz-izvor.hr\/en\/wp-json\/wp\/v2\/media?parent=3390"}],"curies":[{"name":"wp","href":"https:\/\/api.w.org\/{rel}","templated":true}]}}