{"id":3215,"date":"2024-03-25T16:02:32","date_gmt":"2024-03-25T16:02:32","guid":{"rendered":"https:\/\/uz-izvor.hr\/?page_id=3215"},"modified":"2024-03-25T16:09:59","modified_gmt":"2024-03-25T16:09:59","slug":"pravila-privatnosti-i-kolacici","status":"publish","type":"page","link":"https:\/\/uz-izvor.hr\/en\/pravila-privatnosti-i-kolacici\/","title":{"rendered":"Pravila privatnosti i kola\u010di\u0107i"},"content":{"rendered":"<div data-elementor-type=\"wp-page\" data-elementor-id=\"3215\" class=\"elementor elementor-3215\">\n\t\t\t\t<div class=\"elementor-element elementor-element-12c2a89 e-flex e-con-boxed e-con e-parent\" data-id=\"12c2a89\" data-element_type=\"container\">\n\t\t\t\t\t<div class=\"e-con-inner\">\n\t\t<div class=\"elementor-element elementor-element-1485f26 e-con-full e-flex e-con e-child\" data-id=\"1485f26\" data-element_type=\"container\">\n\t\t\t\t<div class=\"elementor-element elementor-element-85c85f0 elementor-widget__width-initial elementor-widget-tablet__width-initial elementor-invisible elementor-widget elementor-widget-heading\" data-id=\"85c85f0\" data-element_type=\"widget\" data-settings=\"{&quot;_animation&quot;:&quot;fadeInDown&quot;}\" data-widget_type=\"heading.default\">\n\t\t\t\t<div class=\"elementor-widget-container\">\n\t\t\t\t\t<h2 class=\"elementor-heading-title elementor-size-default\">Na\u010dela privatnosti<\/h2>\t\t\t\t<\/div>\n\t\t\t\t<\/div>\n\t\t\t\t<div class=\"elementor-element elementor-element-0ac7293 elementor-widget elementor-widget-text-editor\" data-id=\"0ac7293\" data-element_type=\"widget\" data-widget_type=\"text-editor.default\">\n\t\t\t\t<div class=\"elementor-widget-container\">\n\t\t\t\t\t\t\t\t\t<p>Ova izjava o privatnosti obja\u0161njava kako koristimo osobne podatke koje prikupimo o vama kada koristite na\u0161u web stranicu. Izjavljujemo da:<\/p><ul><li>Nikada ne\u0107emo koristiti va\u0161e podatke za slanje spam email poruka.<\/li><li>U bilo koje vrijeme mo\u017eete zatra\u017eiti prekid email komunikacije.<\/li><li>Imate pravo zatra\u017eiti brisanje bilo kojih va\u0161ih podataka.<\/li><li>Nikada ne\u0107emo prodati, iznajmiti, javno objaviti ili distribuirati va\u0161e osobne podatke.<\/li><li>Podaci su odgovornost, zato prikupljamo samo neophodne podatke koji nam omogu\u0107uju lak\u0161u komunikaciju i sigurnost.<\/li><\/ul>\t\t\t\t\t\t\t\t<\/div>\n\t\t\t\t<\/div>\n\t\t\t\t<\/div>\n\t\t\t\t\t<\/div>\n\t\t\t\t<\/div>\n\t\t<div class=\"elementor-element elementor-element-82ebddd e-flex e-con-boxed e-con e-parent\" data-id=\"82ebddd\" data-element_type=\"container\" data-settings=\"{&quot;background_background&quot;:&quot;classic&quot;}\">\n\t\t\t\t\t<div class=\"e-con-inner\">\n\t\t<div class=\"elementor-element elementor-element-c0ebdc4 e-con-full e-flex e-con e-child\" data-id=\"c0ebdc4\" data-element_type=\"container\">\n\t\t\t\t<div class=\"elementor-element elementor-element-f208c36 elementor-widget__width-initial elementor-widget-tablet__width-initial elementor-invisible elementor-widget elementor-widget-heading\" data-id=\"f208c36\" data-element_type=\"widget\" data-settings=\"{&quot;_animation&quot;:&quot;fadeInDown&quot;}\" data-widget_type=\"heading.default\">\n\t\t\t\t<div class=\"elementor-widget-container\">\n\t\t\t\t\t<h2 class=\"elementor-heading-title elementor-size-default\">Kontakt obrazac<\/h2>\t\t\t\t<\/div>\n\t\t\t\t<\/div>\n\t\t\t\t<div class=\"elementor-element elementor-element-7fca649 elementor-widget elementor-widget-text-editor\" data-id=\"7fca649\" data-element_type=\"widget\" data-widget_type=\"text-editor.default\">\n\t\t\t\t<div class=\"elementor-widget-container\">\n\t\t\t\t\t\t\t\t\t<p>Kada ispunite kontakt obrazac na na\u0161oj web stranici, podatke koje ste unijeli \u010duvamo isklju\u010divo u svrhu komunikacije s vama.\u00a0<\/p><p>Podaci koje \u010duvamo su:<\/p><ul><li>Va\u0161e ime i prezime<\/li><li>Va\u0161a email adresa<\/li><li>Va\u0161a poruka nama<\/li><\/ul>\t\t\t\t\t\t\t\t<\/div>\n\t\t\t\t<\/div>\n\t\t\t\t<\/div>\n\t\t\t\t\t<\/div>\n\t\t\t\t<\/div>\n\t\t<div class=\"elementor-element elementor-element-4a14a8e e-flex e-con-boxed e-con e-parent\" data-id=\"4a14a8e\" data-element_type=\"container\">\n\t\t\t\t\t<div class=\"e-con-inner\">\n\t\t<div class=\"elementor-element elementor-element-8f66550 e-con-full e-flex e-con e-child\" data-id=\"8f66550\" data-element_type=\"container\">\n\t\t\t\t<div class=\"elementor-element elementor-element-ec1ea05 elementor-widget__width-initial elementor-widget-tablet__width-initial elementor-invisible elementor-widget elementor-widget-heading\" data-id=\"ec1ea05\" data-element_type=\"widget\" data-settings=\"{&quot;_animation&quot;:&quot;fadeInDown&quot;}\" data-widget_type=\"heading.default\">\n\t\t\t\t<div class=\"elementor-widget-container\">\n\t\t\t\t\t<h2 class=\"elementor-heading-title elementor-size-default\">Kola\u010di\u0107i<\/h2>\t\t\t\t<\/div>\n\t\t\t\t<\/div>\n\t\t\t\t<div class=\"elementor-element elementor-element-c77c0d4 elementor-widget elementor-widget-text-editor\" data-id=\"c77c0d4\" data-element_type=\"widget\" data-widget_type=\"text-editor.default\">\n\t\t\t\t<div class=\"elementor-widget-container\">\n\t\t\t\t\t\t\t\t\t<p>Kola\u010di\u0107i su dio koda koji omogu\u0107uju web poslu\u017eitelju prepoznavanje i pra\u0107enje aktivnosti na web pregledniku.<\/p><p>Web stranica uzi-izvor.hr koristi tzv. kola\u010di\u0107e (eng. \u2018cookies\u2019) kako bi se korisniku mogla pru\u017eiti usluga s potpunim funkcionalnostima i \u0161to kvalitetnijim sadr\u017eajem. Kola\u010di\u0107i predstavljaju skup podataka koje generira poslu\u017eitelj web stranica i koje web preglednik sprema na disk korisnika u obliku male tekstualne datoteke.<\/p><p>Na\u0161im korisnicima stalno nastojimo pru\u017eiti najbolje mogu\u0107e korisni\u010dko iskustvo pa je potrebno napomenuti da na\u0161e Internet stranice rade optimalno samo ako su kola\u010di\u0107i omogu\u0107eni. Da bi \u201ekola\u010di\u0107e\u201c mogli koristiti sukladno Zakonu o elektroni\u010dkim komunikacijama, Zakonu o za\u0161titi osobnih podataka i Direktivama EU treba nam va\u0161a privola. Kori\u0161tenjem ove Internet stranice dajete privolu i pristajete na uporabu kola\u010di\u0107a. Blokiranjem kola\u010di\u0107a i dalje mo\u017eete pregledavati stranicu, no neke njezine mogu\u0107nosti Vam ne\u0107e biti dostupne.<\/p><p>Tokom pregledavanja stvara se i sesijski kola\u010di\u0107 koji se postavlja na ra\u010dunalo korisnika web stranice samo za vrijeme trajanja posjete te se korisniku na taj na\u010din omogu\u0107uje da se u\u010dinkovitije slu\u017ei web stranicom i automatski istje\u010de kada zatvori svoj preglednik.\u00a0<\/p><p>Isklju\u010divanjem kola\u010di\u0107a odlu\u010dujete ho\u0107ete li dopustiti pohranjivanje kola\u010di\u0107a na va\u0161em ra\u010dunalu. Postavke za kola\u010di\u0107e mogu se kontrolirati i konfigurirati u va\u0161em Internet pregledniku. Ovla\u0161teni ste zabraniti primanje kola\u010di\u0107a tako da u izborniku Alati\/Opcije (Tools\/Options) u svom pregledniku izaberete tu mogu\u0107nost.<\/p>\t\t\t\t\t\t\t\t<\/div>\n\t\t\t\t<\/div>\n\t\t\t\t<\/div>\n\t\t\t\t\t<\/div>\n\t\t\t\t<\/div>\n\t\t<div class=\"elementor-element elementor-element-8b363fd e-flex e-con-boxed e-con e-parent\" data-id=\"8b363fd\" data-element_type=\"container\" data-settings=\"{&quot;background_background&quot;:&quot;classic&quot;}\">\n\t\t\t\t\t<div class=\"e-con-inner\">\n\t\t<div class=\"elementor-element elementor-element-fc9c3fa e-con-full e-flex e-con e-child\" data-id=\"fc9c3fa\" data-element_type=\"container\">\n\t\t\t\t<div class=\"elementor-element elementor-element-9c48cfd elementor-widget-tablet__width-initial elementor-invisible elementor-widget elementor-widget-heading\" data-id=\"9c48cfd\" data-element_type=\"widget\" data-settings=\"{&quot;_animation&quot;:&quot;fadeInDown&quot;}\" data-widget_type=\"heading.default\">\n\t\t\t\t<div class=\"elementor-widget-container\">\n\t\t\t\t\t<h2 class=\"elementor-heading-title elementor-size-default\">Pristup podacima, izmjena ili brisanje podataka<\/h2>\t\t\t\t<\/div>\n\t\t\t\t<\/div>\n\t\t\t\t<div class=\"elementor-element elementor-element-7255dc2 elementor-widget elementor-widget-text-editor\" data-id=\"7255dc2\" data-element_type=\"widget\" data-widget_type=\"text-editor.default\">\n\t\t\t\t<div class=\"elementor-widget-container\">\n\t\t\t\t\t\t\t\t\t<p>Mo\u017eete od nas zatra\u017eiti da va\u0161e podatke ne koristimo za kontaktiranje. Mo\u017eete od nas zatra\u017eiti brisanje svih va\u0161ih osobnih podataka. Mo\u017eete u bilo kojem trenutku zatra\u017eiti izmjenu va\u0161ih osobnih podataka. Da bi ostvarili bilo koji od ovih zahtjeva kontaktirajte nas na email: <a href=\"\/en\/udruga.zena.izvor@gmail.com\/\">udruga.zena.izvor@gmail.com<\/a><\/p>\t\t\t\t\t\t\t\t<\/div>\n\t\t\t\t<\/div>\n\t\t\t\t<\/div>\n\t\t\t\t\t<\/div>\n\t\t\t\t<\/div>\n\t\t\t\t<\/div>","protected":false},"excerpt":{"rendered":"<p>Na\u010dela privatnosti Ova izjava o privatnosti obja\u0161njava kako koristimo osobne podatke koje prikupimo o vama [&hellip;]<\/p>\n","protected":false},"author":2,"featured_media":0,"parent":0,"menu_order":0,"comment_status":"closed","ping_status":"closed","template":"","meta":{"footnotes":""},"class_list":["post-3215","page","type-page","status-publish","hentry"],"yoast_head":"<!-- This site is optimized with the Yoast SEO plugin v27.3 - https:\/\/yoast.com\/product\/yoast-seo-wordpress\/ -->\n<title>Pravila privatnosti i kola\u010di\u0107i - Udruga \u017eena &quot;Izvor&quot;<\/title>\n<meta name=\"robots\" content=\"index, follow, max-snippet:-1, max-image-preview:large, max-video-preview:-1\" \/>\n<link rel=\"canonical\" href=\"https:\/\/uz-izvor.hr\/en\/pravila-privatnosti-i-kolacici\/\" \/>\n<meta property=\"og:locale\" content=\"en_US\" \/>\n<meta property=\"og:type\" content=\"article\" \/>\n<meta property=\"og:title\" content=\"Pravila privatnosti i kola\u010di\u0107i - Udruga \u017eena &quot;Izvor&quot;\" \/>\n<meta property=\"og:description\" content=\"Na\u010dela privatnosti Ova izjava o privatnosti obja\u0161njava kako koristimo osobne podatke koje prikupimo o vama [&hellip;]\" \/>\n<meta property=\"og:url\" content=\"https:\/\/uz-izvor.hr\/en\/pravila-privatnosti-i-kolacici\/\" \/>\n<meta property=\"og:site_name\" content=\"Udruga \u017eena &quot;Izvor&quot;\" \/>\n<meta property=\"article:publisher\" content=\"https:\/\/www.facebook.com\/profile.php?id=100090681250286\" \/>\n<meta property=\"article:modified_time\" content=\"2024-03-25T16:09:59+00:00\" \/>\n<meta name=\"twitter:card\" content=\"summary_large_image\" \/>\n<meta name=\"twitter:label1\" content=\"Est. reading time\" \/>\n\t<meta name=\"twitter:data1\" content=\"2 minutes\" \/>\n<script type=\"application\/ld+json\" class=\"yoast-schema-graph\">{\"@context\":\"https:\\\/\\\/schema.org\",\"@graph\":[{\"@type\":\"WebPage\",\"@id\":\"https:\\\/\\\/uz-izvor.hr\\\/pravila-privatnosti-i-kolacici\\\/\",\"url\":\"https:\\\/\\\/uz-izvor.hr\\\/pravila-privatnosti-i-kolacici\\\/\",\"name\":\"Pravila privatnosti i kola\u010di\u0107i - Udruga \u017eena &quot;Izvor&quot;\",\"isPartOf\":{\"@id\":\"https:\\\/\\\/uz-izvor.hr\\\/#website\"},\"datePublished\":\"2024-03-25T16:02:32+00:00\",\"dateModified\":\"2024-03-25T16:09:59+00:00\",\"breadcrumb\":{\"@id\":\"https:\\\/\\\/uz-izvor.hr\\\/pravila-privatnosti-i-kolacici\\\/#breadcrumb\"},\"inLanguage\":\"en-US\",\"potentialAction\":[{\"@type\":\"ReadAction\",\"target\":[\"https:\\\/\\\/uz-izvor.hr\\\/pravila-privatnosti-i-kolacici\\\/\"]}]},{\"@type\":\"BreadcrumbList\",\"@id\":\"https:\\\/\\\/uz-izvor.hr\\\/pravila-privatnosti-i-kolacici\\\/#breadcrumb\",\"itemListElement\":[{\"@type\":\"ListItem\",\"position\":1,\"name\":\"Po\u010detna stranica\",\"item\":\"https:\\\/\\\/uz-izvor.hr\\\/\"},{\"@type\":\"ListItem\",\"position\":2,\"name\":\"Pravila privatnosti i kola\u010di\u0107i\"}]},{\"@type\":\"WebSite\",\"@id\":\"https:\\\/\\\/uz-izvor.hr\\\/#website\",\"url\":\"https:\\\/\\\/uz-izvor.hr\\\/\",\"name\":\"Udruga \u017eena \\\"Izvor\\\"\",\"description\":\"Web stranica udruge \u017eena &quot;Izvor&quot;\",\"publisher\":{\"@id\":\"https:\\\/\\\/uz-izvor.hr\\\/#organization\"},\"potentialAction\":[{\"@type\":\"SearchAction\",\"target\":{\"@type\":\"EntryPoint\",\"urlTemplate\":\"https:\\\/\\\/uz-izvor.hr\\\/?s={search_term_string}\"},\"query-input\":{\"@type\":\"PropertyValueSpecification\",\"valueRequired\":true,\"valueName\":\"search_term_string\"}}],\"inLanguage\":\"en-US\"},{\"@type\":\"Organization\",\"@id\":\"https:\\\/\\\/uz-izvor.hr\\\/#organization\",\"name\":\"Udruga \u017eena \\\"Izvor\\\"\",\"url\":\"https:\\\/\\\/uz-izvor.hr\\\/\",\"logo\":{\"@type\":\"ImageObject\",\"inLanguage\":\"en-US\",\"@id\":\"https:\\\/\\\/uz-izvor.hr\\\/#\\\/schema\\\/logo\\\/image\\\/\",\"url\":\"https:\\\/\\\/uz-izvor.hr\\\/wp-content\\\/uploads\\\/2024\\\/03\\\/Izvor-logo-header-2.png\",\"contentUrl\":\"https:\\\/\\\/uz-izvor.hr\\\/wp-content\\\/uploads\\\/2024\\\/03\\\/Izvor-logo-header-2.png\",\"width\":356,\"height\":78,\"caption\":\"Udruga \u017eena \\\"Izvor\\\"\"},\"image\":{\"@id\":\"https:\\\/\\\/uz-izvor.hr\\\/#\\\/schema\\\/logo\\\/image\\\/\"},\"sameAs\":[\"https:\\\/\\\/www.facebook.com\\\/profile.php?id=100090681250286\"]}]}<\/script>\n<!-- \/ Yoast SEO plugin. -->","yoast_head_json":{"title":"Pravila privatnosti i kola\u010di\u0107i - Udruga \u017eena &quot;Izvor&quot;","robots":{"index":"index","follow":"follow","max-snippet":"max-snippet:-1","max-image-preview":"max-image-preview:large","max-video-preview":"max-video-preview:-1"},"canonical":"https:\/\/uz-izvor.hr\/en\/pravila-privatnosti-i-kolacici\/","og_locale":"en_US","og_type":"article","og_title":"Pravila privatnosti i kola\u010di\u0107i - Udruga \u017eena &quot;Izvor&quot;","og_description":"Na\u010dela privatnosti Ova izjava o privatnosti obja\u0161njava kako koristimo osobne podatke koje prikupimo o vama [&hellip;]","og_url":"https:\/\/uz-izvor.hr\/en\/pravila-privatnosti-i-kolacici\/","og_site_name":"Udruga \u017eena &quot;Izvor&quot;","article_publisher":"https:\/\/www.facebook.com\/profile.php?id=100090681250286","article_modified_time":"2024-03-25T16:09:59+00:00","twitter_card":"summary_large_image","twitter_misc":{"Est. reading time":"2 minutes"},"schema":{"@context":"https:\/\/schema.org","@graph":[{"@type":"WebPage","@id":"https:\/\/uz-izvor.hr\/pravila-privatnosti-i-kolacici\/","url":"https:\/\/uz-izvor.hr\/pravila-privatnosti-i-kolacici\/","name":"Pravila privatnosti i kola\u010di\u0107i - Udruga \u017eena &quot;Izvor&quot;","isPartOf":{"@id":"https:\/\/uz-izvor.hr\/#website"},"datePublished":"2024-03-25T16:02:32+00:00","dateModified":"2024-03-25T16:09:59+00:00","breadcrumb":{"@id":"https:\/\/uz-izvor.hr\/pravila-privatnosti-i-kolacici\/#breadcrumb"},"inLanguage":"en-US","potentialAction":[{"@type":"ReadAction","target":["https:\/\/uz-izvor.hr\/pravila-privatnosti-i-kolacici\/"]}]},{"@type":"BreadcrumbList","@id":"https:\/\/uz-izvor.hr\/pravila-privatnosti-i-kolacici\/#breadcrumb","itemListElement":[{"@type":"ListItem","position":1,"name":"Po\u010detna stranica","item":"https:\/\/uz-izvor.hr\/"},{"@type":"ListItem","position":2,"name":"Pravila privatnosti i kola\u010di\u0107i"}]},{"@type":"WebSite","@id":"https:\/\/uz-izvor.hr\/#website","url":"https:\/\/uz-izvor.hr\/","name":"Udruga \u017eena \"Izvor\"","description":"Web stranica udruge \u017eena &quot;Izvor&quot;","publisher":{"@id":"https:\/\/uz-izvor.hr\/#organization"},"potentialAction":[{"@type":"SearchAction","target":{"@type":"EntryPoint","urlTemplate":"https:\/\/uz-izvor.hr\/?s={search_term_string}"},"query-input":{"@type":"PropertyValueSpecification","valueRequired":true,"valueName":"search_term_string"}}],"inLanguage":"en-US"},{"@type":"Organization","@id":"https:\/\/uz-izvor.hr\/#organization","name":"Udruga \u017eena \"Izvor\"","url":"https:\/\/uz-izvor.hr\/","logo":{"@type":"ImageObject","inLanguage":"en-US","@id":"https:\/\/uz-izvor.hr\/#\/schema\/logo\/image\/","url":"https:\/\/uz-izvor.hr\/wp-content\/uploads\/2024\/03\/Izvor-logo-header-2.png","contentUrl":"https:\/\/uz-izvor.hr\/wp-content\/uploads\/2024\/03\/Izvor-logo-header-2.png","width":356,"height":78,"caption":"Udruga \u017eena \"Izvor\""},"image":{"@id":"https:\/\/uz-izvor.hr\/#\/schema\/logo\/image\/"},"sameAs":["https:\/\/www.facebook.com\/profile.php?id=100090681250286"]}]}},"_links":{"self":[{"href":"https:\/\/uz-izvor.hr\/en\/wp-json\/wp\/v2\/pages\/3215","targetHints":{"allow":["GET"]}}],"collection":[{"href":"https:\/\/uz-izvor.hr\/en\/wp-json\/wp\/v2\/pages"}],"about":[{"href":"https:\/\/uz-izvor.hr\/en\/wp-json\/wp\/v2\/types\/page"}],"author":[{"embeddable":true,"href":"https:\/\/uz-izvor.hr\/en\/wp-json\/wp\/v2\/users\/2"}],"replies":[{"embeddable":true,"href":"https:\/\/uz-izvor.hr\/en\/wp-json\/wp\/v2\/comments?post=3215"}],"version-history":[{"count":4,"href":"https:\/\/uz-izvor.hr\/en\/wp-json\/wp\/v2\/pages\/3215\/revisions"}],"predecessor-version":[{"id":3219,"href":"https:\/\/uz-izvor.hr\/en\/wp-json\/wp\/v2\/pages\/3215\/revisions\/3219"}],"wp:attachment":[{"href":"https:\/\/uz-izvor.hr\/en\/wp-json\/wp\/v2\/media?parent=3215"}],"curies":[{"name":"wp","href":"https:\/\/api.w.org\/{rel}","templated":true}]}}